{"id":1620,"date":"2023-10-27T09:00:23","date_gmt":"2023-10-27T09:00:23","guid":{"rendered":"https:\/\/bodegacosecheros.com\/?post_type=product&#038;p=1620"},"modified":"2026-04-16T14:39:10","modified_gmt":"2026-04-16T14:39:10","slug":"degustacion-premium-ovum","status":"publish","type":"product","link":"https:\/\/bodegacosecheros.com\/en\/producto\/degustacion-premium-ovum\/","title":{"rendered":"Experiencia OVUM"},"content":{"rendered":"","protected":false},"excerpt":{"rendered":"<p><b>DEGUSTACI\u00d3N M\u00cdNIMO PARA 2 PERSONAS<\/b><br \/>\n&#8212;&#8212;&#8212;&#8212;&#8212;&#8212;&#8212;&#8212;&#8212;&#8212;&#8212;&#8212;&#8212;&#8212;&#8212;&#8212;&#8212;<br \/>\n\u00bfSab\u00edas que en Cosecheros <strong>somos la \u00fanica bodega de Navarra con una barrica especial OVUM?<\/strong> Esta proeza t\u00e9cnica es obra de la <strong>Toneler\u00eda Taransaud<\/strong> de Burdeos. Es una barrica especial de 2000L de roble franc\u00e9s en la cual el vino gira por pura matem\u00e1tica respetando la <strong>proporci\u00f3n \u00e1urea<\/strong>. Un dise\u00f1o inspirado en <strong>Leonardo da Vinci<\/strong> que hace de este vino tinto sedoso sea una aut\u00e9ntica joya. Adem\u00e1s no es una uva cualquiera, porque este vino lo elaboramos con nuestra garnacha centenaria, una vi\u00f1a que sobrevivi\u00f3 a la plaga de la filoxera. Adem\u00e1s la botella est\u00e1 inspirada en las primeras botellas de champagne de la corte francesa.<\/p>\n<p>As\u00ed que&#8230;<strong>\u00a0\u00bfte gustar\u00eda probar nuestra joya OVUM?<\/strong> Pues est\u00e1s de suerte porque hemos preparado una experiencia Premium donde puedes maridar nuestro tinto m\u00e1s especial, con queso navarro, chocolate negro y pan con aceite de oliva virgen extra. Disfruta de esta <strong>edici\u00f3n limitada de 2022<\/strong> con 18 meses de crianza en la barrica especial. As\u00ed que, si eres amante de las degustaciones premium, ser\u00e1 un aut\u00e9ntico placer para despertar tus sentidos. Recuerda, que est\u00e1s ante una aut\u00e9ntica obra de arte hecha vino.<\/p>\n<hr \/>\n<p><strong>\u00bfQu\u00e9 contiene la experiencia Premium?<\/strong><br \/>\n&#8211; Degustaci\u00f3n de una botella OVUM 750 ml Edici\u00f3n limitada 2024<br \/>\n&#8211; Productos de Navarra: tabla de degustaci\u00f3n con queso, chocolate negro, pan con aceite de oliva virgen extra y una sorpresa.<br \/>\n&#8211; Se recomienda de 2 a 4 personas para compartir la botella y el maridaje<br \/>\n&#8211; si no se finaliza la botella de la degustaci\u00f3n, puedes llev\u00e1rtela contigo<br \/>\n<em>&#8211; Ante cualquier intolerancia llama directamente a Bodega 948 74 00 67 &#8211; 686 31 28 63 y escucharemos tus necesidades<br \/>\n<strong>Y adem\u00e1s<\/strong><br \/>\n<strong>&#8211; Incluye pinceladas de nuestras historias entre vinos<br \/>\n&#8211; Acceso gratuito a la bodega Museo<br \/>\n<\/strong><\/em><strong>&#8211; Precio total:<\/strong> 35\u20ac PAX (IVA incluido) &#8211; M\u00ednimo 2 personas &#8211;<br \/>\n<strong>Idioma:<\/strong> Castellano (Consultar posibilidad en ingl\u00e9s)<\/p>\n<p><strong>\u00bfC\u00f3mo reservar tu plaza online?<\/strong><br \/>\nSelecciona d\u00eda, hora y luego &#8220;Reservar Ahora&#8221;. Autom\u00e1ticamente se actualiza el icono de bolsa de la compra arriba a la derecha de la p\u00e1gina web y puedes realizar el pago para completar la compra.<\/p>\n<p><strong>Le recordamos que, en caso de no asistir a su reserva en la fecha y hora realizada, el importe abonado no podr\u00e1 ser reembolsado.<\/strong><\/p>\n","protected":false},"featured_media":1622,"template":"","meta":[],"product_brand":[],"product_cat":[20],"product_tag":[],"class_list":{"0":"post-1620","1":"product","2":"type-product","3":"status-publish","4":"has-post-thumbnail","6":"product_cat-actividades","8":"first","9":"instock","10":"virtual","11":"taxable","12":"purchasable","13":"product-type-appointment"},"exclude_global_add_ons":[],"addons":[],"_links":{"self":[{"href":"https:\/\/bodegacosecheros.com\/en\/wp-json\/wp\/v2\/product\/1620","targetHints":{"allow":["GET"]}}],"collection":[{"href":"https:\/\/bodegacosecheros.com\/en\/wp-json\/wp\/v2\/product"}],"about":[{"href":"https:\/\/bodegacosecheros.com\/en\/wp-json\/wp\/v2\/types\/product"}],"wp:featuredmedia":[{"embeddable":true,"href":"https:\/\/bodegacosecheros.com\/en\/wp-json\/wp\/v2\/media\/1622"}],"wp:attachment":[{"href":"https:\/\/bodegacosecheros.com\/en\/wp-json\/wp\/v2\/media?parent=1620"}],"wp:term":[{"taxonomy":"product_brand","embeddable":true,"href":"https:\/\/bodegacosecheros.com\/en\/wp-json\/wp\/v2\/product_brand?post=1620"},{"taxonomy":"product_cat","embeddable":true,"href":"https:\/\/bodegacosecheros.com\/en\/wp-json\/wp\/v2\/product_cat?post=1620"},{"taxonomy":"product_tag","embeddable":true,"href":"https:\/\/bodegacosecheros.com\/en\/wp-json\/wp\/v2\/product_tag?post=1620"}],"curies":[{"name":"wp","href":"https:\/\/api.w.org\/{rel}","templated":true}]}}