{"id":878,"date":"2023-02-11T15:35:01","date_gmt":"2023-02-11T15:35:01","guid":{"rendered":"https:\/\/bodegacosecheros.com\/?post_type=product&#038;p=878"},"modified":"2026-04-16T14:40:10","modified_gmt":"2026-04-16T14:40:10","slug":"pinceladas-entre-vinos","status":"publish","type":"product","link":"https:\/\/bodegacosecheros.com\/en\/producto\/pinceladas-entre-vinos\/","title":{"rendered":"Experiencia: Pinceladas entre vinos"},"content":{"rendered":"","protected":false},"excerpt":{"rendered":"<p>Una experiencia <strong>distendida e informal <\/strong>para catar nuestros vinos con productos de la tierra. Descubre <strong>pinceladas de nuestra historia<\/strong> mientras caminamos sobre los <strong>dep\u00f3sitos antiguos de cemento<\/strong> y nos adentramos en la nave de guarda. \u00a0Adem\u00e1s, podr\u00e1s visitar nuestro Museo.<\/p>\n<p>\u00bfQU\u00c9 INCLUYE EL MARIDAJE?<br \/>\n&#8211; Degustaci\u00f3n de tres de nuestros vinos (opci\u00f3n sin alcohol con mosto tinto ecol\u00f3gico)<br \/>\n&#8211; Queso navarro (var\u00eda seg\u00fan temporada)<br \/>\n&#8211; Tostas de pan con Aceite de Oliva Virgen Extra de Navarra<br \/>\n&#8211; Chocolate navarro<br \/>\n<em>&#8211; Ante cualquier intolerancia\u00a0 o duda llama directamente a Bodega 948 74 00 67 &#8211; 686 31 28 63 y escucharemos tus necesidades.<\/em><\/p>\n<p><em><strong>Idioma:<\/strong> Castellano (Consultar posibilidad en ingl\u00e9s)<br \/>\n*La explicaci\u00f3n es breve,\u00a0 pero depende del tiempo que necesites para disfrutar del maridaje y el tiempo de disfrute en el Museo de la Bodega y sus audiovisuales.<br \/>\n<\/em><strong>En fechas se\u00f1aladas en lugar de Pinceladas entre vinos se programa la experiencia Cata a ciegas.<br \/>\n<\/strong><\/p>\n<p>Para cualquier duda puedes llamar a bodega 948 74 00 67 \u2013 686 31 28 63 o enviar un correo a enoturismo@bodegacosecheros.com<\/p>\n<hr \/>\n<p>Selecciona d\u00eda, hora y n\u00famero de personas y luego <strong>&#8220;Reservar Ahora&#8221;.<\/strong> Autom\u00e1ticamente <strong>se actualiza el icono de la bolsa de la compra situado arriba a la derecha (deber\u00e1 indicar el n\u00famero de art\u00edculos seleccionados)<\/strong> y puedes realizar el pago para finalizar la reserva.<\/p>\n<p><strong>Le recordamos que, en caso de no asistir a su reserva en la fecha y hora realizada, el importe abonado no podr\u00e1 ser reembolsado.<\/strong><\/p>\n","protected":false},"featured_media":4390,"template":"","meta":[],"product_brand":[],"product_cat":[20],"product_tag":[82,81,42,56,79,59,45,80,73,78],"class_list":{"0":"post-878","1":"product","2":"type-product","3":"status-publish","4":"has-post-thumbnail","6":"product_cat-actividades","7":"product_tag-bodega-navarra","8":"product_tag-bodega-olite","9":"product_tag-cata","10":"product_tag-degustacion","11":"product_tag-donavarra","12":"product_tag-enoturismo","13":"product_tag-olite","14":"product_tag-planazos","15":"product_tag-vino","16":"product_tag-winelovers","18":"first","19":"instock","20":"virtual","21":"taxable","22":"purchasable","23":"product-type-appointment"},"exclude_global_add_ons":[],"addons":[],"_links":{"self":[{"href":"https:\/\/bodegacosecheros.com\/en\/wp-json\/wp\/v2\/product\/878","targetHints":{"allow":["GET"]}}],"collection":[{"href":"https:\/\/bodegacosecheros.com\/en\/wp-json\/wp\/v2\/product"}],"about":[{"href":"https:\/\/bodegacosecheros.com\/en\/wp-json\/wp\/v2\/types\/product"}],"wp:featuredmedia":[{"embeddable":true,"href":"https:\/\/bodegacosecheros.com\/en\/wp-json\/wp\/v2\/media\/4390"}],"wp:attachment":[{"href":"https:\/\/bodegacosecheros.com\/en\/wp-json\/wp\/v2\/media?parent=878"}],"wp:term":[{"taxonomy":"product_brand","embeddable":true,"href":"https:\/\/bodegacosecheros.com\/en\/wp-json\/wp\/v2\/product_brand?post=878"},{"taxonomy":"product_cat","embeddable":true,"href":"https:\/\/bodegacosecheros.com\/en\/wp-json\/wp\/v2\/product_cat?post=878"},{"taxonomy":"product_tag","embeddable":true,"href":"https:\/\/bodegacosecheros.com\/en\/wp-json\/wp\/v2\/product_tag?post=878"}],"curies":[{"name":"wp","href":"https:\/\/api.w.org\/{rel}","templated":true}]}}