{"id":2802,"date":"2024-08-29T07:41:41","date_gmt":"2024-08-29T07:41:41","guid":{"rendered":"https:\/\/bodegacosecheros.com\/?post_type=product&#038;p=2802"},"modified":"2026-04-16T14:41:41","modified_gmt":"2026-04-16T14:41:41","slug":"el-fantasma-de-cosecheros-portucuenta","status":"publish","type":"product","link":"https:\/\/bodegacosecheros.com\/fr\/producto\/el-fantasma-de-cosecheros-portucuenta\/","title":{"rendered":"Gincana Familiar Fantasma"},"content":{"rendered":"","protected":false},"excerpt":{"rendered":"<p>\u00bfUn <strong>plan con peques<\/strong> en una bodega cerca del Palacio de Olite? En Bodega Cosecheros es posible. Por ello te proponemos un planazo para toda la familia, donde la diversi\u00f3n y el aprendizaje est\u00e1n asegurados. Descubre esta<strong> nueva versi\u00f3n a tu ritmo del m\u00edtico Fantasma de Cosecheros.<\/strong> Recoge en el mostrador tu mapa de ruta y resuelve el enigma que esconde la gincana familiar El Fantasma de Cosecheros. Al finalizar, comprobaremos todas las pistas y recibir\u00e9is\u2026una sorpresa. <strong>\u00bfOs anim\u00e1is a participar? <\/strong><\/p>\n<p>&#8211; Duraci\u00f3n: 40 minutos aprox. (depende de la velocidad de resoluci\u00f3n de las pistas)<br \/>\n&#8211; Experiencia recomendada de 4 a 10 a\u00f1os<br \/>\n&#8211; Todas las personas (adultos y peques) que accedan al Museo con las instrucciones de juego, deben abonar su entrada (Entrada gratuita de 0 a 3 a\u00f1os)<br \/>\n<strong>-Si el horario de reserva no se ajusta a tus necesidades ponte en contacto y nos amoldamos para que puedas disfrutar de la experiencia.<\/strong><\/p>\n<p>&#8211; Si quieres escuchar la bienvenida del fantasma es necesario escanear un c\u00f3digo QR que se facilita en el material de entrega.<br \/>\n&#8211; En la actividad se entregan una fichas donde es necesario leer las instrucciones de las pistas.<br \/>\n&#8211; La actividad no est\u00e1 guiada por personal de Bodega, sino que se realiza de manera libre por el grupo con las instrucciones facilitadas. Pero si se necesita realizar alguna consulta le atenderemos en el mostrador de Bodega.<\/p>\n<hr \/>\n<p>Selecciona d\u00eda, hora y n\u00famero de personas y luego <strong>&#8220;Reservar Ahora&#8221;.<\/strong> Autom\u00e1ticamente <strong>se actualiza el icono de la bolsa de la compra situado arriba a la derecha (deber\u00e1 indicar el n\u00famero de art\u00edculos seleccionados)<\/strong> y puedes realizar el pago para finalizar la reserva.<\/p>\n<p><strong>Le recordamos que, en caso de no asistir a su reserva en la fecha y hora realizada, el importe abonado no podr\u00e1 ser reembolsado.<\/strong><\/p>\n<p>&nbsp;<\/p>\n","protected":false},"featured_media":4152,"template":"","meta":[],"product_brand":[],"product_cat":[20],"product_tag":[],"class_list":{"0":"post-2802","1":"product","2":"type-product","3":"status-publish","4":"has-post-thumbnail","6":"product_cat-actividades","8":"first","9":"instock","10":"virtual","11":"taxable","12":"purchasable","13":"product-type-appointment"},"exclude_global_add_ons":[],"addons":[],"_links":{"self":[{"href":"https:\/\/bodegacosecheros.com\/fr\/wp-json\/wp\/v2\/product\/2802","targetHints":{"allow":["GET"]}}],"collection":[{"href":"https:\/\/bodegacosecheros.com\/fr\/wp-json\/wp\/v2\/product"}],"about":[{"href":"https:\/\/bodegacosecheros.com\/fr\/wp-json\/wp\/v2\/types\/product"}],"wp:featuredmedia":[{"embeddable":true,"href":"https:\/\/bodegacosecheros.com\/fr\/wp-json\/wp\/v2\/media\/4152"}],"wp:attachment":[{"href":"https:\/\/bodegacosecheros.com\/fr\/wp-json\/wp\/v2\/media?parent=2802"}],"wp:term":[{"taxonomy":"product_brand","embeddable":true,"href":"https:\/\/bodegacosecheros.com\/fr\/wp-json\/wp\/v2\/product_brand?post=2802"},{"taxonomy":"product_cat","embeddable":true,"href":"https:\/\/bodegacosecheros.com\/fr\/wp-json\/wp\/v2\/product_cat?post=2802"},{"taxonomy":"product_tag","embeddable":true,"href":"https:\/\/bodegacosecheros.com\/fr\/wp-json\/wp\/v2\/product_tag?post=2802"}],"curies":[{"name":"wp","href":"https:\/\/api.w.org\/{rel}","templated":true}]}}