{"id":3110,"date":"2025-01-14T10:59:28","date_gmt":"2025-01-14T10:59:28","guid":{"rendered":"https:\/\/bodegacosecheros.com\/?post_type=product&#038;p=3110"},"modified":"2026-04-27T09:45:21","modified_gmt":"2026-04-27T09:45:21","slug":"cata-a-ciegas-con-maridaje","status":"publish","type":"product","link":"https:\/\/bodegacosecheros.com\/fr\/producto\/cata-a-ciegas-con-maridaje\/","title":{"rendered":"Cata a ciegas con maridaje"},"content":{"rendered":"","protected":false},"excerpt":{"rendered":"<p>\u00bfAlguna vez has participado en una <strong>cata a ciegas<\/strong>? Te proponemos descubrir nuestros vinos a ciegas, pero tranqui, que esto no es una examen, <strong>aqu\u00ed estamos para divertirnos<\/strong>. Una experiencia apta para winelovers como t\u00fa.<\/p>\n<p>&#8211; Degustaci\u00f3n guiada a ciegas de 6 vinos diferentes<br \/>\n&#8211; Maridaje con productos de Navarra: queso, pan con aceite de oliva virgen extra y chocolates.<br \/>\n<em>Para cualquier intolerancia o duda ll\u00e1manos directamente a Bodega 948 74 00 67 &#8211; 686 31 28 63 y escucharemos tus necesidades.<\/em><\/p>\n<p>&#8211; ACTIVIDAD TAMBI\u00c9N BAJO DEMANDA PARA GRUPOS EN OTRAS FECHAS &#8211;<\/p>\n<p><strong>\u00bfC\u00f3mo reservar tu plaza online?<\/strong><br \/>\nSelecciona d\u00eda, hora y n\u00famero de personas y luego &#8220;Reservar Ahora&#8221;. Autom\u00e1ticamente se actualiza el icono del carro de la compra arriba a la derecha de la p\u00e1gina web y puedes formalizar el pago.<\/p>\n<p><strong>Le recordamos que, en caso de no asistir a su reserva en la fecha y hora realizada, el importe abonado no podr\u00e1 ser reembolsado.<\/strong><\/p>\n","protected":false},"featured_media":4378,"template":"","meta":[],"product_brand":[],"product_cat":[20],"product_tag":[43,44,42,60,56,59,57,45,61,62,63,58],"class_list":{"0":"post-3110","1":"product","2":"type-product","3":"status-publish","4":"has-post-thumbnail","6":"product_cat-actividades","7":"product_tag-a-ciegas","8":"product_tag-bodega","9":"product_tag-cata","10":"product_tag-cosecheros","11":"product_tag-degustacion","12":"product_tag-enoturismo","13":"product_tag-navarra","14":"product_tag-olite","15":"product_tag-plan","16":"product_tag-san","17":"product_tag-valentin","18":"product_tag-winelover","20":"first","21":"instock","22":"virtual","23":"taxable","24":"purchasable","25":"product-type-appointment"},"exclude_global_add_ons":[],"addons":[],"_links":{"self":[{"href":"https:\/\/bodegacosecheros.com\/fr\/wp-json\/wp\/v2\/product\/3110","targetHints":{"allow":["GET"]}}],"collection":[{"href":"https:\/\/bodegacosecheros.com\/fr\/wp-json\/wp\/v2\/product"}],"about":[{"href":"https:\/\/bodegacosecheros.com\/fr\/wp-json\/wp\/v2\/types\/product"}],"wp:featuredmedia":[{"embeddable":true,"href":"https:\/\/bodegacosecheros.com\/fr\/wp-json\/wp\/v2\/media\/4378"}],"wp:attachment":[{"href":"https:\/\/bodegacosecheros.com\/fr\/wp-json\/wp\/v2\/media?parent=3110"}],"wp:term":[{"taxonomy":"product_brand","embeddable":true,"href":"https:\/\/bodegacosecheros.com\/fr\/wp-json\/wp\/v2\/product_brand?post=3110"},{"taxonomy":"product_cat","embeddable":true,"href":"https:\/\/bodegacosecheros.com\/fr\/wp-json\/wp\/v2\/product_cat?post=3110"},{"taxonomy":"product_tag","embeddable":true,"href":"https:\/\/bodegacosecheros.com\/fr\/wp-json\/wp\/v2\/product_tag?post=3110"}],"curies":[{"name":"wp","href":"https:\/\/api.w.org\/{rel}","templated":true}]}}