{"id":4157,"date":"2025-11-27T13:18:09","date_gmt":"2025-11-27T13:18:09","guid":{"rendered":"https:\/\/bodegacosecheros.com\/?post_type=product&#038;p=4157"},"modified":"2026-02-27T13:23:12","modified_gmt":"2026-02-27T13:23:12","slug":"regala-una-experiencia","status":"publish","type":"product","link":"https:\/\/bodegacosecheros.com\/fr\/producto\/regala-una-experiencia\/","title":{"rendered":"X. Regala una experiencia"},"content":{"rendered":"","protected":false},"excerpt":{"rendered":"<p><strong>\u00bfQuieres sorprender con un regalo diferente?<\/strong> Poder vivir un regalo es algo especial y \u00fanico. Elige la experiencia que quieres a la carta.<\/p>\n<p>&#8211; <a href=\"https:\/\/bodegacosecheros.com\/producto\/el-fantasma-de-cosecheros-portucuenta\/\">Gincana para toda la familia (5\u20ac persona<\/a><br \/>\n&#8211; <a href=\"https:\/\/bodegacosecheros.com\/producto\/pinceladas-entre-vinos\/\">Pinceladas entre vinos (15\u20ac persona)<\/a><br \/>\n&#8211; <a href=\"https:\/\/bodegacosecheros.com\/producto\/cata-a-ciegas-con-maridaje\">Cata a ciegas (19\u20ac persona)<\/a><br \/>\n&#8211; <a href=\"https:\/\/bodegacosecheros.com\/producto\/degustacion-premium-ovum\/\">Experiencia premium OVUM (35\u20ac persona)<\/a><br \/>\n&#8211; Nueva experiencia a caballo por el vi\u00f1edo con cata en bodega (40\u20ac persona) consulta info por tel\u00e9fono<\/p>\n<p>As\u00ed que, si quieres sorprender, en Cosecheros creamos tu Vale Regalo con la experiencia que m\u00e1s se ajuste a tu presupuesto. Cada vale es personalizado, as\u00ed que el l\u00edmite lo pones t\u00fa.\u00a0 Para una, dos o varias personas, t\u00fa decides. Adem\u00e1s podr\u00e1s recibir el vale en formato digital o recogerlo f\u00edsicamente en bodega.<\/p>\n<p>\u00bfC\u00f3mo reservar tu Vale Regalo?<br \/>\nPuedes ponerte en contacto con Bodega y te asesoramos :<br \/>\n948 74 00 67 &#8211; 686 31 28 63<\/p>\n<p><strong>\u00a1An\u00edmate y regala una experiencia!<\/strong><\/p>\n","protected":false},"featured_media":4236,"template":"","meta":[],"product_brand":[],"product_cat":[20],"product_tag":[82,81,42,56,79,59,45,80,73,78],"class_list":{"0":"post-4157","1":"product","2":"type-product","3":"status-publish","4":"has-post-thumbnail","6":"product_cat-actividades","7":"product_tag-bodega-navarra","8":"product_tag-bodega-olite","9":"product_tag-cata","10":"product_tag-degustacion","11":"product_tag-donavarra","12":"product_tag-enoturismo","13":"product_tag-olite","14":"product_tag-planazos","15":"product_tag-vino","16":"product_tag-winelovers","18":"first","19":"onbackorder","20":"taxable","21":"shipping-taxable","22":"purchasable","23":"product-type-variable","24":"has-default-attributes"},"exclude_global_add_ons":[],"addons":[],"_links":{"self":[{"href":"https:\/\/bodegacosecheros.com\/fr\/wp-json\/wp\/v2\/product\/4157","targetHints":{"allow":["GET"]}}],"collection":[{"href":"https:\/\/bodegacosecheros.com\/fr\/wp-json\/wp\/v2\/product"}],"about":[{"href":"https:\/\/bodegacosecheros.com\/fr\/wp-json\/wp\/v2\/types\/product"}],"wp:featuredmedia":[{"embeddable":true,"href":"https:\/\/bodegacosecheros.com\/fr\/wp-json\/wp\/v2\/media\/4236"}],"wp:attachment":[{"href":"https:\/\/bodegacosecheros.com\/fr\/wp-json\/wp\/v2\/media?parent=4157"}],"wp:term":[{"taxonomy":"product_brand","embeddable":true,"href":"https:\/\/bodegacosecheros.com\/fr\/wp-json\/wp\/v2\/product_brand?post=4157"},{"taxonomy":"product_cat","embeddable":true,"href":"https:\/\/bodegacosecheros.com\/fr\/wp-json\/wp\/v2\/product_cat?post=4157"},{"taxonomy":"product_tag","embeddable":true,"href":"https:\/\/bodegacosecheros.com\/fr\/wp-json\/wp\/v2\/product_tag?post=4157"}],"curies":[{"name":"wp","href":"https:\/\/api.w.org\/{rel}","templated":true}]}}