{"id":947,"date":"2022-01-22T17:39:04","date_gmt":"2022-01-22T17:39:04","guid":{"rendered":"https:\/\/bodegacosecheros.com\/producto\/1913-rose\/"},"modified":"2023-02-20T15:47:30","modified_gmt":"2023-02-20T15:47:30","slug":"1913-rose","status":"publish","type":"product","link":"https:\/\/bodegacosecheros.com\/fr\/producto\/1913-rose\/","title":{"rendered":"1913 Ros\u00e9"},"content":{"rendered":"","protected":false},"excerpt":{"rendered":"<p>Le ros\u00e9 de Navarra, sans fa\u00e7ons, fruit\u00e9, go\u00fbteux et s\u00e9ducteur. Le charact\u00e8re du raisin defini un style nuanc\u00e9 par la fra\u00eecheur de notre terroir.<\/p>\n<p><strong>Vin ros\u00e9 larme<\/strong><\/p>\n<p><strong>D.O. Navarra<\/strong><\/p>\n<p><strong>Garnacha<\/strong><\/p>\n<p><strong>750 ml<\/strong><\/p>\n<p><a href=\"https:\/\/bodegacosecheros.com\/wp-content\/themes\/betheme\/FichasTecnicas\/1913%20Rosado.pdf\" target=\"_blank\" rel=\"noopener\">T\u00e9l\u00e9chargez fiche technique (pdf)<\/a><\/p>\n<p>&nbsp;<\/p>\n","protected":false},"featured_media":4677,"template":"","meta":[],"product_brand":[],"product_cat":[39],"product_tag":[],"class_list":{"0":"post-947","1":"product","2":"type-product","3":"status-publish","4":"has-post-thumbnail","6":"product_cat-vin","7":"product_shipping_class-national-fr","9":"first","10":"instock","11":"taxable","12":"shipping-taxable","13":"purchasable","14":"product-type-simple"},"exclude_global_add_ons":[],"addons":[],"_links":{"self":[{"href":"https:\/\/bodegacosecheros.com\/fr\/wp-json\/wp\/v2\/product\/947","targetHints":{"allow":["GET"]}}],"collection":[{"href":"https:\/\/bodegacosecheros.com\/fr\/wp-json\/wp\/v2\/product"}],"about":[{"href":"https:\/\/bodegacosecheros.com\/fr\/wp-json\/wp\/v2\/types\/product"}],"wp:featuredmedia":[{"embeddable":true,"href":"https:\/\/bodegacosecheros.com\/fr\/wp-json\/wp\/v2\/media\/4677"}],"wp:attachment":[{"href":"https:\/\/bodegacosecheros.com\/fr\/wp-json\/wp\/v2\/media?parent=947"}],"wp:term":[{"taxonomy":"product_brand","embeddable":true,"href":"https:\/\/bodegacosecheros.com\/fr\/wp-json\/wp\/v2\/product_brand?post=947"},{"taxonomy":"product_cat","embeddable":true,"href":"https:\/\/bodegacosecheros.com\/fr\/wp-json\/wp\/v2\/product_cat?post=947"},{"taxonomy":"product_tag","embeddable":true,"href":"https:\/\/bodegacosecheros.com\/fr\/wp-json\/wp\/v2\/product_tag?post=947"}],"curies":[{"name":"wp","href":"https:\/\/api.w.org\/{rel}","templated":true}]}}