{"id":950,"date":"2022-01-22T17:56:41","date_gmt":"2022-01-22T17:56:41","guid":{"rendered":"https:\/\/bodegacosecheros.com\/producto\/1913-rouge\/"},"modified":"2022-01-22T17:56:41","modified_gmt":"2022-01-22T17:56:41","slug":"1913-tinto","status":"publish","type":"product","link":"https:\/\/bodegacosecheros.com\/fr\/producto\/1913-tinto\/","title":{"rendered":"1913 Rouge"},"content":{"rendered":"","protected":false},"excerpt":{"rendered":"<p>Un vin direct, gouleyant, pour les amis, qui se boit, tout simplement. Riche en ar\u00f4mes et un peu chapent\u00e9 mais d\u00e9contract\u00e9, pour accompager nos moments aussi bien \u00e0 l\u2019ap\u00e9ritif qu\u2019\u00e0 table.<\/p>\n<p><strong>Vin rouge<\/strong><\/p>\n<p><strong>D.O. Navarra<\/strong><\/p>\n<p><strong>Tempranillo<\/strong><\/p>\n<p><strong>750 ml<\/strong><\/p>\n<p><a href=\"https:\/\/bodegacosecheros.com\/wp-content\/themes\/betheme\/FichasTecnicas\/1913%20Tinto.pdf\" target=\"_blank\" rel=\"noopener\">T\u00e9l\u00e9chargez fiche technique (pdf)<\/a><\/p>\n","protected":false},"featured_media":1155,"template":"","meta":[],"product_brand":[],"product_cat":[39],"product_tag":[],"class_list":{"0":"post-950","1":"product","2":"type-product","3":"status-publish","4":"has-post-thumbnail","6":"product_cat-vin","7":"product_shipping_class-national-fr","9":"first","10":"instock","11":"taxable","12":"shipping-taxable","13":"purchasable","14":"product-type-simple"},"exclude_global_add_ons":[],"addons":[],"_links":{"self":[{"href":"https:\/\/bodegacosecheros.com\/fr\/wp-json\/wp\/v2\/product\/950","targetHints":{"allow":["GET"]}}],"collection":[{"href":"https:\/\/bodegacosecheros.com\/fr\/wp-json\/wp\/v2\/product"}],"about":[{"href":"https:\/\/bodegacosecheros.com\/fr\/wp-json\/wp\/v2\/types\/product"}],"wp:featuredmedia":[{"embeddable":true,"href":"https:\/\/bodegacosecheros.com\/fr\/wp-json\/wp\/v2\/media\/1155"}],"wp:attachment":[{"href":"https:\/\/bodegacosecheros.com\/fr\/wp-json\/wp\/v2\/media?parent=950"}],"wp:term":[{"taxonomy":"product_brand","embeddable":true,"href":"https:\/\/bodegacosecheros.com\/fr\/wp-json\/wp\/v2\/product_brand?post=950"},{"taxonomy":"product_cat","embeddable":true,"href":"https:\/\/bodegacosecheros.com\/fr\/wp-json\/wp\/v2\/product_cat?post=950"},{"taxonomy":"product_tag","embeddable":true,"href":"https:\/\/bodegacosecheros.com\/fr\/wp-json\/wp\/v2\/product_tag?post=950"}],"curies":[{"name":"wp","href":"https:\/\/api.w.org\/{rel}","templated":true}]}}