{"id":951,"date":"2022-01-22T18:02:30","date_gmt":"2022-01-22T18:02:30","guid":{"rendered":"https:\/\/bodegacosecheros.com\/producto\/1913-chene\/"},"modified":"2022-01-22T18:02:30","modified_gmt":"2022-01-22T18:02:30","slug":"1913_roble","status":"publish","type":"product","link":"https:\/\/bodegacosecheros.com\/fr\/producto\/1913_roble\/","title":{"rendered":"1913 Ch\u00eane"},"content":{"rendered":"","protected":false},"excerpt":{"rendered":"<p>La jeunesse dompt\u00e9e para la douce caresse du ch\u00eane.<\/p>\n<p><strong>Vin rouge \u00e9lev\u00e9 en ch\u00eane (4 mois en barrique)<\/strong><\/p>\n<p><strong>D.O. Navarra<\/strong><\/p>\n<p><strong>Garnacha et Tempranillo<\/strong><\/p>\n<p><strong>750 ml<\/strong><\/p>\n<p><a href=\"https:\/\/bodegacosecheros.com\/wp-content\/themes\/betheme\/FichasTecnicas\/1913%20Roble.pdf\" target=\"_blank\" rel=\"noopener\">T\u00e9l\u00e9chargez fiche technique (pdf)<\/a><\/p>\n","protected":false},"featured_media":1158,"template":"","meta":[],"product_brand":[],"product_cat":[39],"product_tag":[],"class_list":{"0":"post-951","1":"product","2":"type-product","3":"status-publish","4":"has-post-thumbnail","6":"product_cat-vin","7":"product_shipping_class-national-fr","9":"first","10":"instock","11":"taxable","12":"shipping-taxable","13":"purchasable","14":"product-type-simple"},"exclude_global_add_ons":[],"addons":[],"_links":{"self":[{"href":"https:\/\/bodegacosecheros.com\/fr\/wp-json\/wp\/v2\/product\/951","targetHints":{"allow":["GET"]}}],"collection":[{"href":"https:\/\/bodegacosecheros.com\/fr\/wp-json\/wp\/v2\/product"}],"about":[{"href":"https:\/\/bodegacosecheros.com\/fr\/wp-json\/wp\/v2\/types\/product"}],"wp:featuredmedia":[{"embeddable":true,"href":"https:\/\/bodegacosecheros.com\/fr\/wp-json\/wp\/v2\/media\/1158"}],"wp:attachment":[{"href":"https:\/\/bodegacosecheros.com\/fr\/wp-json\/wp\/v2\/media?parent=951"}],"wp:term":[{"taxonomy":"product_brand","embeddable":true,"href":"https:\/\/bodegacosecheros.com\/fr\/wp-json\/wp\/v2\/product_brand?post=951"},{"taxonomy":"product_cat","embeddable":true,"href":"https:\/\/bodegacosecheros.com\/fr\/wp-json\/wp\/v2\/product_cat?post=951"},{"taxonomy":"product_tag","embeddable":true,"href":"https:\/\/bodegacosecheros.com\/fr\/wp-json\/wp\/v2\/product_tag?post=951"}],"curies":[{"name":"wp","href":"https:\/\/api.w.org\/{rel}","templated":true}]}}