{"id":952,"date":"2022-01-22T18:23:22","date_gmt":"2022-01-22T18:23:22","guid":{"rendered":"https:\/\/bodegacosecheros.com\/producto\/vina-juguera-crianza\/"},"modified":"2022-01-22T18:23:22","modified_gmt":"2022-01-22T18:23:22","slug":"vina-juguera-crianza","status":"publish","type":"product","link":"https:\/\/bodegacosecheros.com\/fr\/producto\/vina-juguera-crianza\/","title":{"rendered":"Vi\u00f1a Juguera Crianza"},"content":{"rendered":"","protected":false},"excerpt":{"rendered":"<p>Le vin adulte, de garde, qui touche \u00e0 sa pl\u00e9nitude, tout en richesse et saveurs. Fruits rouges confits \u00e9pic\u00e9s par le bois et l\u2019\u00e9levage.<\/p>\n<p><em> <\/em><strong>Vin rouge bois\u00e9 (12 mois en barrique)<\/strong><\/p>\n<p><strong>D.O. Navarra<\/strong><\/p>\n<p><strong>Garnacha et Tempranillo<\/strong><\/p>\n<p><strong>750 ml<\/strong><\/p>\n<p><a href=\"https:\/\/bodegacosecheros.com\/wp-content\/uploads\/2022\/05\/Vina-Juguera-Crianza.pdf\" target=\"_blank\" rel=\"noopener\">T\u00e9l\u00e9chargez fiche technique (pdf)<\/a><\/p>\n","protected":false},"featured_media":1950,"template":"","meta":[],"product_brand":[],"product_cat":[39],"product_tag":[],"class_list":{"0":"post-952","1":"product","2":"type-product","3":"status-publish","4":"has-post-thumbnail","6":"product_cat-vin","7":"product_shipping_class-national-fr","9":"first","10":"instock","11":"taxable","12":"shipping-taxable","13":"purchasable","14":"product-type-simple"},"exclude_global_add_ons":[],"addons":[],"_links":{"self":[{"href":"https:\/\/bodegacosecheros.com\/fr\/wp-json\/wp\/v2\/product\/952","targetHints":{"allow":["GET"]}}],"collection":[{"href":"https:\/\/bodegacosecheros.com\/fr\/wp-json\/wp\/v2\/product"}],"about":[{"href":"https:\/\/bodegacosecheros.com\/fr\/wp-json\/wp\/v2\/types\/product"}],"wp:featuredmedia":[{"embeddable":true,"href":"https:\/\/bodegacosecheros.com\/fr\/wp-json\/wp\/v2\/media\/1950"}],"wp:attachment":[{"href":"https:\/\/bodegacosecheros.com\/fr\/wp-json\/wp\/v2\/media?parent=952"}],"wp:term":[{"taxonomy":"product_brand","embeddable":true,"href":"https:\/\/bodegacosecheros.com\/fr\/wp-json\/wp\/v2\/product_brand?post=952"},{"taxonomy":"product_cat","embeddable":true,"href":"https:\/\/bodegacosecheros.com\/fr\/wp-json\/wp\/v2\/product_cat?post=952"},{"taxonomy":"product_tag","embeddable":true,"href":"https:\/\/bodegacosecheros.com\/fr\/wp-json\/wp\/v2\/product_tag?post=952"}],"curies":[{"name":"wp","href":"https:\/\/api.w.org\/{rel}","templated":true}]}}