{"id":953,"date":"2022-01-22T18:35:55","date_gmt":"2022-01-22T18:35:55","guid":{"rendered":"https:\/\/bodegacosecheros.com\/producto\/gratianus\/"},"modified":"2022-01-22T18:35:55","modified_gmt":"2022-01-22T18:35:55","slug":"gratianus","status":"publish","type":"product","link":"https:\/\/bodegacosecheros.com\/fr\/producto\/gratianus\/","title":{"rendered":"Gratianus"},"content":{"rendered":"","protected":false},"excerpt":{"rendered":"<p>Le vin de cuv\u00e9\u00e9, cr\u00e9\u00e9 pour vieillir, tr\u00e9s charpent\u00e9 mais soyeux et avec un belle acidit\u00e9 qui le rend long, long, long. Un vin comme \u00e7a bien vaut du gibier ou un bon asado d\u2019agneau de la terre.<\/p>\n<p><strong>Vin rouge bois\u00e9 (12 mois en barrique)<\/strong><\/p>\n<p><strong>D.O. Navarra<\/strong><\/p>\n<p><strong>Graciano<\/strong><\/p>\n<p><strong>750 ml<\/strong><\/p>\n<p><a href=\"https:\/\/bodegacosecheros.com\/wp-content\/uploads\/2022\/05\/Gratinanus.pdf\" target=\"_blank\" rel=\"noopener\">T\u00e9l\u00e9chargez fiche technique (pdf)<\/a><\/p>\n","protected":false},"featured_media":1953,"template":"","meta":[],"product_brand":[],"product_cat":[39],"product_tag":[],"class_list":{"0":"post-953","1":"product","2":"type-product","3":"status-publish","4":"has-post-thumbnail","6":"product_cat-vin","7":"product_shipping_class-national-fr","9":"first","10":"instock","11":"taxable","12":"shipping-taxable","13":"purchasable","14":"product-type-simple"},"exclude_global_add_ons":[],"addons":[],"_links":{"self":[{"href":"https:\/\/bodegacosecheros.com\/fr\/wp-json\/wp\/v2\/product\/953","targetHints":{"allow":["GET"]}}],"collection":[{"href":"https:\/\/bodegacosecheros.com\/fr\/wp-json\/wp\/v2\/product"}],"about":[{"href":"https:\/\/bodegacosecheros.com\/fr\/wp-json\/wp\/v2\/types\/product"}],"wp:featuredmedia":[{"embeddable":true,"href":"https:\/\/bodegacosecheros.com\/fr\/wp-json\/wp\/v2\/media\/1953"}],"wp:attachment":[{"href":"https:\/\/bodegacosecheros.com\/fr\/wp-json\/wp\/v2\/media?parent=953"}],"wp:term":[{"taxonomy":"product_brand","embeddable":true,"href":"https:\/\/bodegacosecheros.com\/fr\/wp-json\/wp\/v2\/product_brand?post=953"},{"taxonomy":"product_cat","embeddable":true,"href":"https:\/\/bodegacosecheros.com\/fr\/wp-json\/wp\/v2\/product_cat?post=953"},{"taxonomy":"product_tag","embeddable":true,"href":"https:\/\/bodegacosecheros.com\/fr\/wp-json\/wp\/v2\/product_tag?post=953"}],"curies":[{"name":"wp","href":"https:\/\/api.w.org\/{rel}","templated":true}]}}