{"id":954,"date":"2022-01-22T18:45:46","date_gmt":"2022-01-22T18:45:46","guid":{"rendered":"https:\/\/bodegacosecheros.com\/producto\/ovum\/"},"modified":"2022-01-22T18:45:46","modified_gmt":"2022-01-22T18:45:46","slug":"ovum","status":"publish","type":"product","link":"https:\/\/bodegacosecheros.com\/fr\/producto\/ovum\/","title":{"rendered":"Ovum"},"content":{"rendered":"","protected":false},"excerpt":{"rendered":"<p>L\u2019exceptionnel. L\u2019alchimie du temps; plus d\u2019un si\u00e9cle de vins r\u00e9sum\u00e9 en quelques bouteilles. Un v\u00e9ritable \u201cvin de m\u00e9ditation\u201d, \u00e0 consommer \u00e0 la fin du repas pour prolonger le plaisir du meilleur n\u00e9ctar que l\u2019homme ait invent\u00e9.<\/p>\n<p><strong>Vin rouge bois\u00e9 (12 mois en barrique)<\/strong><\/p>\n<p><strong>D.O. Navarra<\/strong><\/p>\n<p><strong>Vieilles vignes de garnacha ( de plus de 50 ans)<\/strong><\/p>\n<p><strong>750 ml<\/strong><\/p>\n<p><a href=\"https:\/\/bodegacosecheros.com\/wp-content\/themes\/betheme\/FichasTecnicas\/Ovum.pdf\">T\u00e9l\u00e9chargez fiche technique (pdf)<\/a><\/p>\n","protected":false},"featured_media":806,"template":"","meta":[],"product_brand":[],"product_cat":[39],"product_tag":[],"class_list":{"0":"post-954","1":"product","2":"type-product","3":"status-publish","4":"has-post-thumbnail","6":"product_cat-vin","7":"product_shipping_class-national-fr","9":"first","10":"instock","11":"taxable","12":"shipping-taxable","13":"purchasable","14":"product-type-simple"},"exclude_global_add_ons":[],"addons":[],"_links":{"self":[{"href":"https:\/\/bodegacosecheros.com\/fr\/wp-json\/wp\/v2\/product\/954","targetHints":{"allow":["GET"]}}],"collection":[{"href":"https:\/\/bodegacosecheros.com\/fr\/wp-json\/wp\/v2\/product"}],"about":[{"href":"https:\/\/bodegacosecheros.com\/fr\/wp-json\/wp\/v2\/types\/product"}],"wp:featuredmedia":[{"embeddable":true,"href":"https:\/\/bodegacosecheros.com\/fr\/wp-json\/wp\/v2\/media\/806"}],"wp:attachment":[{"href":"https:\/\/bodegacosecheros.com\/fr\/wp-json\/wp\/v2\/media?parent=954"}],"wp:term":[{"taxonomy":"product_brand","embeddable":true,"href":"https:\/\/bodegacosecheros.com\/fr\/wp-json\/wp\/v2\/product_brand?post=954"},{"taxonomy":"product_cat","embeddable":true,"href":"https:\/\/bodegacosecheros.com\/fr\/wp-json\/wp\/v2\/product_cat?post=954"},{"taxonomy":"product_tag","embeddable":true,"href":"https:\/\/bodegacosecheros.com\/fr\/wp-json\/wp\/v2\/product_tag?post=954"}],"curies":[{"name":"wp","href":"https:\/\/api.w.org\/{rel}","templated":true}]}}