{"id":982,"date":"2022-01-20T15:25:36","date_gmt":"2022-01-20T15:25:36","guid":{"rendered":"https:\/\/bodegacosecheros.com\/producto\/1913-blanc\/"},"modified":"2022-01-20T15:25:36","modified_gmt":"2022-01-20T15:25:36","slug":"1913-blanc","status":"publish","type":"product","link":"https:\/\/bodegacosecheros.com\/fr\/producto\/1913-blanc\/","title":{"rendered":"1913  Blanc"},"content":{"rendered":"","protected":false},"excerpt":{"rendered":"<p>Parfum\u00e9 et l\u00e9ger, un vin blanc qui s\u00e9duit par ses ar\u00f4mes \u00e0 fleurs et \u00e0 fruits et qui d\u00e9salt\u00e9re par sa fra\u00eecheur.<\/p>\n<p>Compagnon id\u00e9ale de la cuisine de la mer et des fromages, surtout de ch\u00e8vre. \u00c0 d\u00e9guster bien frais tout au long de l\u2019ann\u00e9e.<\/p>\n<p><strong>Vin blanc<\/strong><\/p>\n<p><strong>D.O. Navarra<\/strong><\/p>\n<p>Viura, Chardonnay, Sauvignon Blanc et Moscatel<\/p>\n<p>750 ml<\/p>\n","protected":false},"featured_media":1041,"template":"","meta":[],"product_brand":[],"product_cat":[39],"product_tag":[],"class_list":{"0":"post-982","1":"product","2":"type-product","3":"status-publish","4":"has-post-thumbnail","6":"product_cat-vin","7":"product_shipping_class-national-fr","9":"first","10":"instock","11":"taxable","12":"shipping-taxable","13":"purchasable","14":"product-type-simple"},"exclude_global_add_ons":[],"addons":[],"_links":{"self":[{"href":"https:\/\/bodegacosecheros.com\/fr\/wp-json\/wp\/v2\/product\/982","targetHints":{"allow":["GET"]}}],"collection":[{"href":"https:\/\/bodegacosecheros.com\/fr\/wp-json\/wp\/v2\/product"}],"about":[{"href":"https:\/\/bodegacosecheros.com\/fr\/wp-json\/wp\/v2\/types\/product"}],"wp:featuredmedia":[{"embeddable":true,"href":"https:\/\/bodegacosecheros.com\/fr\/wp-json\/wp\/v2\/media\/1041"}],"wp:attachment":[{"href":"https:\/\/bodegacosecheros.com\/fr\/wp-json\/wp\/v2\/media?parent=982"}],"wp:term":[{"taxonomy":"product_brand","embeddable":true,"href":"https:\/\/bodegacosecheros.com\/fr\/wp-json\/wp\/v2\/product_brand?post=982"},{"taxonomy":"product_cat","embeddable":true,"href":"https:\/\/bodegacosecheros.com\/fr\/wp-json\/wp\/v2\/product_cat?post=982"},{"taxonomy":"product_tag","embeddable":true,"href":"https:\/\/bodegacosecheros.com\/fr\/wp-json\/wp\/v2\/product_tag?post=982"}],"curies":[{"name":"wp","href":"https:\/\/api.w.org\/{rel}","templated":true}]}}